{"id":1618,"date":"2023-07-21T08:55:39","date_gmt":"2023-07-21T08:55:39","guid":{"rendered":"https:\/\/nouvelage.net\/?page_id=1618"},"modified":"2023-07-31T04:24:04","modified_gmt":"2023-07-31T04:24:04","slug":"marguerite-meliuga-agir-par-la-beaute","status":"publish","type":"page","link":"https:\/\/nouvelage.net\/index.php\/nouvel-art\/marguerite-meliuga-agir-par-la-beaute\/","title":{"rendered":"Marguerite Meliuga &#8211; L&rsquo;art magique !"},"content":{"rendered":"\n<div class=\"wp-block-jetpack-slideshow aligncenter\" data-effect=\"slide\"><div class=\"wp-block-jetpack-slideshow_container swiper-container\"><ul class=\"wp-block-jetpack-slideshow_swiper-wrapper swiper-wrapper\"><li class=\"wp-block-jetpack-slideshow_slide swiper-slide\"><figure><img loading=\"lazy\" decoding=\"async\" width=\"1009\" height=\"1024\" alt=\"\" class=\"wp-block-jetpack-slideshow_image wp-image-1614\" data-id=\"1614\" src=\"https:\/\/nouvelage.net\/wp-content\/uploads\/2023\/07\/WhatsApp-Image-2023-07-08-at-10.35.21-1009x1024.jpeg\" srcset=\"https:\/\/nouvelage.net\/wp-content\/uploads\/2023\/07\/WhatsApp-Image-2023-07-08-at-10.35.21-1009x1024.jpeg 1009w, https:\/\/nouvelage.net\/wp-content\/uploads\/2023\/07\/WhatsApp-Image-2023-07-08-at-10.35.21-295x300.jpeg 295w, https:\/\/nouvelage.net\/wp-content\/uploads\/2023\/07\/WhatsApp-Image-2023-07-08-at-10.35.21-768x780.jpeg 768w, https:\/\/nouvelage.net\/wp-content\/uploads\/2023\/07\/WhatsApp-Image-2023-07-08-at-10.35.21-1513x1536.jpeg 1513w, https:\/\/nouvelage.net\/wp-content\/uploads\/2023\/07\/WhatsApp-Image-2023-07-08-at-10.35.21.jpeg 2017w\" sizes=\"(max-width: 1009px) 100vw, 1009px\" \/><\/figure><\/li><li class=\"wp-block-jetpack-slideshow_slide swiper-slide\"><figure><img loading=\"lazy\" decoding=\"async\" width=\"820\" height=\"1024\" alt=\"\" class=\"wp-block-jetpack-slideshow_image wp-image-1613\" data-id=\"1613\" src=\"https:\/\/nouvelage.net\/wp-content\/uploads\/2023\/07\/IMG_20230524_074953_913-820x1024.jpg\" srcset=\"https:\/\/nouvelage.net\/wp-content\/uploads\/2023\/07\/IMG_20230524_074953_913-820x1024.jpg 820w, https:\/\/nouvelage.net\/wp-content\/uploads\/2023\/07\/IMG_20230524_074953_913-240x300.jpg 240w, https:\/\/nouvelage.net\/wp-content\/uploads\/2023\/07\/IMG_20230524_074953_913-768x960.jpg 768w, https:\/\/nouvelage.net\/wp-content\/uploads\/2023\/07\/IMG_20230524_074953_913-1229x1536.jpg 1229w, https:\/\/nouvelage.net\/wp-content\/uploads\/2023\/07\/IMG_20230524_074953_913.jpg 1603w\" sizes=\"(max-width: 820px) 100vw, 820px\" \/><\/figure><\/li><li class=\"wp-block-jetpack-slideshow_slide swiper-slide\"><figure><img loading=\"lazy\" decoding=\"async\" width=\"841\" height=\"1024\" alt=\"\" class=\"wp-block-jetpack-slideshow_image wp-image-1612\" data-id=\"1612\" src=\"https:\/\/nouvelage.net\/wp-content\/uploads\/2023\/07\/IMG_20221204_161951_299-841x1024.jpg\" srcset=\"https:\/\/nouvelage.net\/wp-content\/uploads\/2023\/07\/IMG_20221204_161951_299-841x1024.jpg 841w, https:\/\/nouvelage.net\/wp-content\/uploads\/2023\/07\/IMG_20221204_161951_299-246x300.jpg 246w, https:\/\/nouvelage.net\/wp-content\/uploads\/2023\/07\/IMG_20221204_161951_299-768x935.jpg 768w, https:\/\/nouvelage.net\/wp-content\/uploads\/2023\/07\/IMG_20221204_161951_299-1262x1536.jpg 1262w, https:\/\/nouvelage.net\/wp-content\/uploads\/2023\/07\/IMG_20221204_161951_299-1683x2048.jpg 1683w, https:\/\/nouvelage.net\/wp-content\/uploads\/2023\/07\/IMG_20221204_161951_299.jpg 1806w\" sizes=\"(max-width: 841px) 100vw, 841px\" \/><\/figure><\/li><li class=\"wp-block-jetpack-slideshow_slide swiper-slide\"><figure><img loading=\"lazy\" decoding=\"async\" width=\"819\" height=\"1024\" alt=\"\" class=\"wp-block-jetpack-slideshow_image wp-image-1611\" data-id=\"1611\" src=\"https:\/\/nouvelage.net\/wp-content\/uploads\/2023\/07\/IMG_20221011_103952_722-819x1024.jpg\" srcset=\"https:\/\/nouvelage.net\/wp-content\/uploads\/2023\/07\/IMG_20221011_103952_722-819x1024.jpg 819w, https:\/\/nouvelage.net\/wp-content\/uploads\/2023\/07\/IMG_20221011_103952_722-240x300.jpg 240w, https:\/\/nouvelage.net\/wp-content\/uploads\/2023\/07\/IMG_20221011_103952_722-768x960.jpg 768w, https:\/\/nouvelage.net\/wp-content\/uploads\/2023\/07\/IMG_20221011_103952_722-1229x1536.jpg 1229w, https:\/\/nouvelage.net\/wp-content\/uploads\/2023\/07\/IMG_20221011_103952_722-1639x2048.jpg 1639w, https:\/\/nouvelage.net\/wp-content\/uploads\/2023\/07\/IMG_20221011_103952_722.jpg 1741w\" sizes=\"(max-width: 819px) 100vw, 819px\" \/><\/figure><\/li><li class=\"wp-block-jetpack-slideshow_slide swiper-slide\"><figure><img loading=\"lazy\" decoding=\"async\" width=\"1018\" height=\"1024\" alt=\"\" class=\"wp-block-jetpack-slideshow_image wp-image-1610\" data-id=\"1610\" src=\"https:\/\/nouvelage.net\/wp-content\/uploads\/2023\/07\/IMG_20210813_075547_510-1018x1024.webp\" srcset=\"https:\/\/nouvelage.net\/wp-content\/uploads\/2023\/07\/IMG_20210813_075547_510-1018x1024.webp 1018w, https:\/\/nouvelage.net\/wp-content\/uploads\/2023\/07\/IMG_20210813_075547_510-298x300.webp 298w, https:\/\/nouvelage.net\/wp-content\/uploads\/2023\/07\/IMG_20210813_075547_510-150x150.webp 150w, https:\/\/nouvelage.net\/wp-content\/uploads\/2023\/07\/IMG_20210813_075547_510-768x773.webp 768w, https:\/\/nouvelage.net\/wp-content\/uploads\/2023\/07\/IMG_20210813_075547_510-1526x1536.webp 1526w, https:\/\/nouvelage.net\/wp-content\/uploads\/2023\/07\/IMG_20210813_075547_510-2035x2048.webp 2035w, https:\/\/nouvelage.net\/wp-content\/uploads\/2023\/07\/IMG_20210813_075547_510.webp 2047w\" sizes=\"(max-width: 1018px) 100vw, 1018px\" \/><\/figure><\/li><li class=\"wp-block-jetpack-slideshow_slide swiper-slide\"><figure><img loading=\"lazy\" decoding=\"async\" width=\"819\" height=\"1024\" alt=\"\" class=\"wp-block-jetpack-slideshow_image wp-image-1609\" data-id=\"1609\" src=\"https:\/\/nouvelage.net\/wp-content\/uploads\/2023\/07\/IMG_20210126_155059_422-819x1024.jpg\" srcset=\"https:\/\/nouvelage.net\/wp-content\/uploads\/2023\/07\/IMG_20210126_155059_422-819x1024.jpg 819w, https:\/\/nouvelage.net\/wp-content\/uploads\/2023\/07\/IMG_20210126_155059_422-240x300.jpg 240w, https:\/\/nouvelage.net\/wp-content\/uploads\/2023\/07\/IMG_20210126_155059_422-768x960.jpg 768w, https:\/\/nouvelage.net\/wp-content\/uploads\/2023\/07\/IMG_20210126_155059_422-1229x1536.jpg 1229w, https:\/\/nouvelage.net\/wp-content\/uploads\/2023\/07\/IMG_20210126_155059_422-1638x2048.jpg 1638w, https:\/\/nouvelage.net\/wp-content\/uploads\/2023\/07\/IMG_20210126_155059_422-scaled.jpg 2048w\" sizes=\"(max-width: 819px) 100vw, 819px\" \/><\/figure><\/li><li class=\"wp-block-jetpack-slideshow_slide swiper-slide\"><figure><img loading=\"lazy\" decoding=\"async\" width=\"1024\" height=\"1024\" alt=\"\" class=\"wp-block-jetpack-slideshow_image wp-image-1608\" data-id=\"1608\" src=\"https:\/\/nouvelage.net\/wp-content\/uploads\/2023\/07\/20230225_143614-1024x1024.jpg\" srcset=\"https:\/\/nouvelage.net\/wp-content\/uploads\/2023\/07\/20230225_143614-1024x1024.jpg 1024w, https:\/\/nouvelage.net\/wp-content\/uploads\/2023\/07\/20230225_143614-300x300.jpg 300w, https:\/\/nouvelage.net\/wp-content\/uploads\/2023\/07\/20230225_143614-150x150.jpg 150w, https:\/\/nouvelage.net\/wp-content\/uploads\/2023\/07\/20230225_143614-768x768.jpg 768w, https:\/\/nouvelage.net\/wp-content\/uploads\/2023\/07\/20230225_143614-1536x1536.jpg 1536w, https:\/\/nouvelage.net\/wp-content\/uploads\/2023\/07\/20230225_143614-2048x2048.jpg 2048w\" sizes=\"(max-width: 1024px) 100vw, 1024px\" \/><\/figure><\/li><li class=\"wp-block-jetpack-slideshow_slide swiper-slide\"><figure><img loading=\"lazy\" decoding=\"async\" width=\"1024\" height=\"860\" alt=\"\" class=\"wp-block-jetpack-slideshow_image wp-image-1607\" data-id=\"1607\" src=\"https:\/\/nouvelage.net\/wp-content\/uploads\/2023\/07\/20230225_140339-1024x860.jpg\" srcset=\"https:\/\/nouvelage.net\/wp-content\/uploads\/2023\/07\/20230225_140339-1024x860.jpg 1024w, https:\/\/nouvelage.net\/wp-content\/uploads\/2023\/07\/20230225_140339-300x252.jpg 300w, https:\/\/nouvelage.net\/wp-content\/uploads\/2023\/07\/20230225_140339-768x645.jpg 768w, https:\/\/nouvelage.net\/wp-content\/uploads\/2023\/07\/20230225_140339-1536x1290.jpg 1536w, https:\/\/nouvelage.net\/wp-content\/uploads\/2023\/07\/20230225_140339-2048x1719.jpg 2048w\" sizes=\"(max-width: 1024px) 100vw, 1024px\" \/><\/figure><\/li><li class=\"wp-block-jetpack-slideshow_slide swiper-slide\"><figure><img loading=\"lazy\" decoding=\"async\" width=\"1024\" height=\"979\" alt=\"\" class=\"wp-block-jetpack-slideshow_image wp-image-1606\" data-id=\"1606\" src=\"https:\/\/nouvelage.net\/wp-content\/uploads\/2023\/07\/20230125_075440-1024x979.jpg\" srcset=\"https:\/\/nouvelage.net\/wp-content\/uploads\/2023\/07\/20230125_075440-1024x979.jpg 1024w, https:\/\/nouvelage.net\/wp-content\/uploads\/2023\/07\/20230125_075440-300x287.jpg 300w, https:\/\/nouvelage.net\/wp-content\/uploads\/2023\/07\/20230125_075440-768x734.jpg 768w, https:\/\/nouvelage.net\/wp-content\/uploads\/2023\/07\/20230125_075440-1536x1468.jpg 1536w, https:\/\/nouvelage.net\/wp-content\/uploads\/2023\/07\/20230125_075440.jpg 1658w\" sizes=\"(max-width: 1024px) 100vw, 1024px\" \/><\/figure><\/li><li class=\"wp-block-jetpack-slideshow_slide swiper-slide\"><figure><img loading=\"lazy\" decoding=\"async\" width=\"1024\" height=\"768\" alt=\"\" class=\"wp-block-jetpack-slideshow_image wp-image-1605\" data-id=\"1605\" src=\"https:\/\/nouvelage.net\/wp-content\/uploads\/2023\/07\/20230122_152648-1024x768.jpg\" srcset=\"https:\/\/nouvelage.net\/wp-content\/uploads\/2023\/07\/20230122_152648-1024x768.jpg 1024w, https:\/\/nouvelage.net\/wp-content\/uploads\/2023\/07\/20230122_152648-300x225.jpg 300w, https:\/\/nouvelage.net\/wp-content\/uploads\/2023\/07\/20230122_152648-768x576.jpg 768w, https:\/\/nouvelage.net\/wp-content\/uploads\/2023\/07\/20230122_152648-1536x1152.jpg 1536w, https:\/\/nouvelage.net\/wp-content\/uploads\/2023\/07\/20230122_152648.jpg 2038w\" sizes=\"(max-width: 1024px) 100vw, 1024px\" \/><\/figure><\/li><li class=\"wp-block-jetpack-slideshow_slide swiper-slide\"><figure><img loading=\"lazy\" decoding=\"async\" width=\"1024\" height=\"752\" alt=\"\" class=\"wp-block-jetpack-slideshow_image wp-image-1604\" data-id=\"1604\" src=\"https:\/\/nouvelage.net\/wp-content\/uploads\/2023\/07\/20230122_152531-1024x752.jpg\" srcset=\"https:\/\/nouvelage.net\/wp-content\/uploads\/2023\/07\/20230122_152531-1024x752.jpg 1024w, https:\/\/nouvelage.net\/wp-content\/uploads\/2023\/07\/20230122_152531-300x220.jpg 300w, https:\/\/nouvelage.net\/wp-content\/uploads\/2023\/07\/20230122_152531-768x564.jpg 768w, https:\/\/nouvelage.net\/wp-content\/uploads\/2023\/07\/20230122_152531-1536x1128.jpg 1536w, https:\/\/nouvelage.net\/wp-content\/uploads\/2023\/07\/20230122_152531-2048x1503.jpg 2048w\" sizes=\"(max-width: 1024px) 100vw, 1024px\" \/><\/figure><\/li><li class=\"wp-block-jetpack-slideshow_slide swiper-slide\"><figure><img loading=\"lazy\" decoding=\"async\" width=\"1024\" height=\"753\" alt=\"\" class=\"wp-block-jetpack-slideshow_image wp-image-1603\" data-id=\"1603\" src=\"https:\/\/nouvelage.net\/wp-content\/uploads\/2023\/07\/20230122_150936-1024x753.jpg\" srcset=\"https:\/\/nouvelage.net\/wp-content\/uploads\/2023\/07\/20230122_150936-1024x753.jpg 1024w, https:\/\/nouvelage.net\/wp-content\/uploads\/2023\/07\/20230122_150936-300x221.jpg 300w, https:\/\/nouvelage.net\/wp-content\/uploads\/2023\/07\/20230122_150936-768x565.jpg 768w, https:\/\/nouvelage.net\/wp-content\/uploads\/2023\/07\/20230122_150936-1536x1130.jpg 1536w, https:\/\/nouvelage.net\/wp-content\/uploads\/2023\/07\/20230122_150936-2048x1506.jpg 2048w\" sizes=\"(max-width: 1024px) 100vw, 1024px\" \/><\/figure><\/li><li class=\"wp-block-jetpack-slideshow_slide swiper-slide\"><figure><img loading=\"lazy\" decoding=\"async\" width=\"756\" height=\"1024\" alt=\"\" class=\"wp-block-jetpack-slideshow_image wp-image-1602\" data-id=\"1602\" src=\"https:\/\/nouvelage.net\/wp-content\/uploads\/2023\/07\/20211229_204145-756x1024.jpg\" srcset=\"https:\/\/nouvelage.net\/wp-content\/uploads\/2023\/07\/20211229_204145-756x1024.jpg 756w, https:\/\/nouvelage.net\/wp-content\/uploads\/2023\/07\/20211229_204145-222x300.jpg 222w, https:\/\/nouvelage.net\/wp-content\/uploads\/2023\/07\/20211229_204145-768x1040.jpg 768w, https:\/\/nouvelage.net\/wp-content\/uploads\/2023\/07\/20211229_204145-1135x1536.jpg 1135w, https:\/\/nouvelage.net\/wp-content\/uploads\/2023\/07\/20211229_204145-1513x2048.jpg 1513w, https:\/\/nouvelage.net\/wp-content\/uploads\/2023\/07\/20211229_204145.jpg 1594w\" sizes=\"(max-width: 756px) 100vw, 756px\" \/><\/figure><\/li><li class=\"wp-block-jetpack-slideshow_slide swiper-slide\"><figure><img loading=\"lazy\" decoding=\"async\" width=\"759\" height=\"1024\" alt=\"\" class=\"wp-block-jetpack-slideshow_image wp-image-1601\" data-id=\"1601\" src=\"https:\/\/nouvelage.net\/wp-content\/uploads\/2023\/07\/20210108_154745-759x1024.jpg\" srcset=\"https:\/\/nouvelage.net\/wp-content\/uploads\/2023\/07\/20210108_154745-759x1024.jpg 759w, https:\/\/nouvelage.net\/wp-content\/uploads\/2023\/07\/20210108_154745-222x300.jpg 222w, https:\/\/nouvelage.net\/wp-content\/uploads\/2023\/07\/20210108_154745-768x1036.jpg 768w, https:\/\/nouvelage.net\/wp-content\/uploads\/2023\/07\/20210108_154745-1139x1536.jpg 1139w, https:\/\/nouvelage.net\/wp-content\/uploads\/2023\/07\/20210108_154745-1518x2048.jpg 1518w, https:\/\/nouvelage.net\/wp-content\/uploads\/2023\/07\/20210108_154745.jpg 1593w\" sizes=\"(max-width: 759px) 100vw, 759px\" \/><\/figure><\/li><li class=\"wp-block-jetpack-slideshow_slide swiper-slide\"><figure><img loading=\"lazy\" decoding=\"async\" width=\"644\" height=\"362\" alt=\"Tableaux de Marguerite Meliuga\" class=\"wp-block-jetpack-slideshow_image wp-image-1582\" data-id=\"1582\" src=\"https:\/\/nouvelage.net\/wp-content\/uploads\/2023\/07\/IMG_20170226_104211.jpeg\" srcset=\"https:\/\/nouvelage.net\/wp-content\/uploads\/2023\/07\/IMG_20170226_104211.jpeg 644w, https:\/\/nouvelage.net\/wp-content\/uploads\/2023\/07\/IMG_20170226_104211-300x169.jpeg 300w\" sizes=\"(max-width: 644px) 100vw, 644px\" \/><\/figure><\/li><\/ul><a class=\"wp-block-jetpack-slideshow_button-prev swiper-button-prev swiper-button-white\" role=\"button\"><\/a><a class=\"wp-block-jetpack-slideshow_button-next swiper-button-next swiper-button-white\" role=\"button\"><\/a><a aria-label=\"Pause Slideshow\" class=\"wp-block-jetpack-slideshow_button-pause\" role=\"button\"><\/a><div class=\"wp-block-jetpack-slideshow_pagination swiper-pagination swiper-pagination-white\"><\/div><\/div><\/div>\n\n\n\n<p>Originaire d&rsquo;Enerdogar, dans l&rsquo;Est de l&rsquo;Ukraine, Marguerite Meliuga a \u00e9tudi\u00e9 l&rsquo;art d\u00e9coratif avec les ma\u00eetres V. Sokolenko et A. Pikouch de l&rsquo;Universit\u00e9 de Zaporijia. Elle y pr\u00e9sente son oeuvre dans de nombreuses expositions et devient rapidement connue dans son pays.<\/p>\n\n\n\n<p>Puis elle s&rsquo;installe en France en 2019  tout en continuant de travailler et d&rsquo;exposer en Ukraine jusqu&rsquo;en f\u00e9vrier 2022, animant des s\u00e9ances d&rsquo;art-th\u00e9rapie pour les r\u00e9fugi\u00e9s du Donbass. <\/p>\n\n\n\n<p>En parall\u00e8le de ses activit\u00e9s artistiques, elle fonde en mars 2022 l&rsquo;association Union des Artistes Ukrainiens et leurs Amis afin de promouvoir la culture Ukrainienne et venir en daide aux artistes ukrainiens r\u00e9fugi\u00e9s par la mise en valeur de leur oeuvre.<\/p>\n\n\n\n<p>\u00ab\u00a0L&rsquo;art magique\u00a0\u00bb de Marguerite Meliuga est li\u00e9 \u00e0 son approche et intention artistiques autour de la technique dite de l&rsquo;Art Baroque Ukrainien. <\/p>\n\n\n\n<p>Cet art, n\u00e9 en Ukraine aux 17\u00e8me et 18\u00e8me si\u00e8cles, associe alors les influences de l&rsquo;art baroque europ\u00e9en avec l&rsquo;art traditionnel ukrainien. En r\u00e9sulte une floraison extraordinaire d&rsquo;oeuvres exub\u00e9rantes, presque th\u00e9\u00e2trales, o\u00f9 les symboles spirituels se m\u00ealent \u00e0 la joie de vivre, aux moments de vie : aimer, comprendre, vivre, chanter ! <\/p>\n\n\n\n<p>Voil\u00e0 ce que l&rsquo;art baroque ukrainien traduit avec ferveur et amour de la vie, et c&rsquo;est ce qui l&rsquo;a rendu internationalement c\u00e9l\u00e8bre, jusqu&rsquo;\u00e0 nos jours.<\/p>\n\n\n\n<p>Marguerite Meliuga d\u00e9veloppe cette technique en y apportant sa \u00ab\u00a0patte\u00a0\u00bb, son style, son \u00e9l\u00e9gance et son intention d&rsquo;\u00e2me.<\/p>\n\n\n\n<p>Son intention est de r\u00e9v\u00e9ler cette \u00e2me, au coeur des objets, des \u00eatres, des fleurs, des arbres, jusque dans la pierre des b\u00e2timents qui abritent la vie humaine;<\/p>\n\n\n\n<p>Symboles, courage, beaut\u00e9, gestes des envols d&rsquo;oiseaux dans la lumi\u00e8re de l&rsquo;\u00e9t\u00e9, dessinent dans son oeuvre la magie que l&rsquo;\u00e2me apporte au monde, aux heures, aux objets et aux \u00eatres qui la font vivre dans le r\u00e9el des jours.<\/p>\n\n\n\n<p>Voil\u00e0 pourquoi ses tableaux et les objets en bois qu&rsquo;elle sculpte et d\u00e9core sont des \u00ab\u00a0talismans\u00a0\u00bb !<\/p>\n\n\n\n<p>Un talisman, dans la tradition \u00e9sot\u00e9rique de tous les pays, est cens\u00e9 \u00eatre porteur d&rsquo;une intention active, de protection, autrement dit d&rsquo;amour d\u00e9sint\u00e9ress\u00e9. <\/p>\n\n\n\n<p>En Ukraine, la plupart des acheteurs de ses tableaux, m&rsquo;a confi\u00e9 Marguerite Meliuga, voyant que je n&rsquo;\u00e9tais pas heurt\u00e9 par cette approche, acqu\u00e9raient ses tableaux dans ce regard. Ils consid\u00e9raient ces tableaux comme des talismans, porteurs de beaut\u00e9, c&rsquo;est \u00e0 dire apportant une vitalit\u00e9, une \u00e9nergie, une protection par cons\u00e9quent, aux lieux et aux personnes qui y vivent.<\/p>\n\n\n\n<p>Devant partir dans la minute face aux missiles tombant sur Enerdogar, un couple d&rsquo;acheteurs lui a confi\u00e9 par la suite avoir rempli un seul sac du minimum vital. <\/p>\n\n\n\n<p>Dans ce minimum, il y avait un tableau. <\/p>\n\n\n\n<p>Un talisman. <\/p>\n\n\n\n<p>Leur talisman.<\/p>\n\n\n\n<p>Un tableau de Marguerite Meliuga. <\/p>\n\n\n\n<p>D\u00e9couvrez les oeuvres \u00e0 la vente de Marguerite Meliuga :<\/p>\n\n\n\n<p><a href=\"https:\/\/nouvelage.net\/index.php\/nouvel-art\/marguerite-meliuga-agir-par-la-beaute\/amoureux-un-talisman-damour-marguerite-meliuga\/\" target=\"_blank\" rel=\"noopener\" title=\"\">Amoureux<\/a> <\/p>\n\n\n\n<p>Les Iris<\/p>\n\n\n\n<p>La Temp\u00eate<\/p>\n","protected":false},"excerpt":{"rendered":"<p>Originaire d&rsquo;Enerdogar, dans l&rsquo;Est de l&rsquo;Ukraine, Marguerite Meliuga a \u00e9tudi\u00e9 l&rsquo;art d\u00e9coratif avec les ma\u00eetres V. Sokolenko et A. Pikouch de l&rsquo;Universit\u00e9 de Zaporijia. Elle y pr\u00e9sente son oeuvre dans de nombreuses expositions et devient rapidement connue dans son pays. Puis elle s&rsquo;installe en France en 2019 tout en continuant de travailler et d&rsquo;exposer en&#8230;<\/p>\n","protected":false},"author":1,"featured_media":0,"parent":1586,"menu_order":0,"comment_status":"closed","ping_status":"closed","template":"","meta":{"om_disable_all_campaigns":false,"_monsterinsights_skip_tracking":false,"_monsterinsights_sitenote_active":false,"_monsterinsights_sitenote_note":"","_monsterinsights_sitenote_category":0,"_uf_show_specific_survey":0,"_uf_disable_surveys":false,"episode_type":"","audio_file":"","podmotor_file_id":"","podmotor_episode_id":"","cover_image":"","cover_image_id":"","duration":"","filesize":"","filesize_raw":"","date_recorded":"","explicit":"","block":"","itunes_episode_number":"","itunes_title":"","itunes_season_number":"","itunes_episode_type":"","jetpack_post_was_ever_published":false,"footnotes":""},"folder":[],"class_list":["post-1618","page","type-page","status-publish","hentry"],"aioseo_notices":[],"jetpack_sharing_enabled":true,"jetpack_shortlink":"https:\/\/wp.me\/P3aXLN-q6","_links":{"self":[{"href":"https:\/\/nouvelage.net\/index.php\/wp-json\/wp\/v2\/pages\/1618","targetHints":{"allow":["GET"]}}],"collection":[{"href":"https:\/\/nouvelage.net\/index.php\/wp-json\/wp\/v2\/pages"}],"about":[{"href":"https:\/\/nouvelage.net\/index.php\/wp-json\/wp\/v2\/types\/page"}],"author":[{"embeddable":true,"href":"https:\/\/nouvelage.net\/index.php\/wp-json\/wp\/v2\/users\/1"}],"replies":[{"embeddable":true,"href":"https:\/\/nouvelage.net\/index.php\/wp-json\/wp\/v2\/comments?post=1618"}],"version-history":[{"count":14,"href":"https:\/\/nouvelage.net\/index.php\/wp-json\/wp\/v2\/pages\/1618\/revisions"}],"predecessor-version":[{"id":1901,"href":"https:\/\/nouvelage.net\/index.php\/wp-json\/wp\/v2\/pages\/1618\/revisions\/1901"}],"up":[{"embeddable":true,"href":"https:\/\/nouvelage.net\/index.php\/wp-json\/wp\/v2\/pages\/1586"}],"wp:attachment":[{"href":"https:\/\/nouvelage.net\/index.php\/wp-json\/wp\/v2\/media?parent=1618"}],"wp:term":[{"taxonomy":"folder","embeddable":true,"href":"https:\/\/nouvelage.net\/index.php\/wp-json\/wp\/v2\/folder?post=1618"}],"curies":[{"name":"wp","href":"https:\/\/api.w.org\/{rel}","templated":true}]}}