{"id":1714,"date":"2023-07-24T06:09:54","date_gmt":"2023-07-24T06:09:54","guid":{"rendered":"https:\/\/nouvelage.net\/?page_id=1714"},"modified":"2023-08-03T03:01:58","modified_gmt":"2023-08-03T03:01:58","slug":"amoureux-un-talisman-damour-marguerite-meliuga","status":"publish","type":"page","link":"https:\/\/nouvelage.net\/index.php\/nouvel-art\/marguerite-meliuga-agir-par-la-beaute\/amoureux-un-talisman-damour-marguerite-meliuga\/","title":{"rendered":"Amoureux : un talisman d&rsquo;amour &#8211; Marguerite Meliuga"},"content":{"rendered":"\n<figure class=\"wp-block-image size-large\"><img loading=\"lazy\" decoding=\"async\" width=\"1024\" height=\"1024\" src=\"https:\/\/nouvelage.net\/wp-content\/uploads\/2023\/07\/20230225_143614-1024x1024.jpg\" alt=\"Amoureux : un talisman d'amour. Tableau de Marguerite Meliuga\" class=\"wp-image-1608\" srcset=\"https:\/\/nouvelage.net\/wp-content\/uploads\/2023\/07\/20230225_143614-1024x1024.jpg 1024w, https:\/\/nouvelage.net\/wp-content\/uploads\/2023\/07\/20230225_143614-300x300.jpg 300w, https:\/\/nouvelage.net\/wp-content\/uploads\/2023\/07\/20230225_143614-150x150.jpg 150w, https:\/\/nouvelage.net\/wp-content\/uploads\/2023\/07\/20230225_143614-768x768.jpg 768w, https:\/\/nouvelage.net\/wp-content\/uploads\/2023\/07\/20230225_143614-1536x1536.jpg 1536w, https:\/\/nouvelage.net\/wp-content\/uploads\/2023\/07\/20230225_143614-2048x2048.jpg 2048w\" sizes=\"auto, (max-width: 1024px) 100vw, 1024px\" \/><\/figure>\n\n\n\n<p>\u201c<strong>Amoureux\u201d:&nbsp;un talisman d\u2019amour.<\/strong> Diptyque. 40*40 cm. Acrylique, toiles 3D.&nbsp;Encadr\u00e9 (bois).<\/p>\n\n\n\n<p>Pr\u00e9sentation du tableau par Marguerite Meliuga :<\/p>\n\n\n\n<p>Les peintures folkloriques slaves sont porteuses d\u2019une puissante charge \u00e9nerg\u00e9tique, absorbant la magie des si\u00e8cles.&nbsp;<\/p>\n\n\n\n<p>Ce tableau est de style baroque&nbsp;: l\u2019art magique ukrainien, plein de symboles crypt\u00e9s.&nbsp;Ce&nbsp;n\u2019est&nbsp;pas seulement une d\u00e9coration int\u00e9rieure, mais aussi une sorte de langage symbolique de l&rsquo;art&nbsp;folklorique&nbsp;qui r\u00e9v\u00e8le la vision du monde d&rsquo;une personne, son attitude \u00e0 l&rsquo;\u00e9gard de la nature et de la vie. <\/p>\n\n\n\n<p>Les couleurs, les motifs ornementaux&nbsp;et&nbsp;leur combinaison, tout cela avait une signification symbolique dans les temps anciens, et \u00e9tait rempli de sens expressif.<\/p>\n\n\n\n<p>L&rsquo;ambiance festive reste longtemps dans l&rsquo;\u00e2me apr\u00e8s la visite d&rsquo;une maison dont les murs semblent chanter &#8211; les fleurs et les oiseaux de feu y sont peints avec tant de beaut\u00e9, d&rsquo;amour et d&rsquo;inspiration. <\/p>\n\n\n\n<p>L\u2019artiste&nbsp;n&rsquo;a&nbsp;pas cherch\u00e9 \u00e0 reproduire la ressemblance naturelle de chaque fleur ou oiseau, mais \u00e0 incarner la beaut\u00e9 d&rsquo;un objet dans tous les autres.&nbsp;<\/p>\n\n\n\n<p>La fleur est un symbole de la splendeur de la nature, de sa floraison luxuriante et de la g\u00e9n\u00e9rosit\u00e9 de ses fruits. <\/p>\n\n\n\n<p>Pour le souligner, l\u2019artiste&nbsp;a&nbsp;eu recours \u00e0 des exag\u00e9rations fantastiques, cr\u00e9ant&nbsp;son&nbsp;propre monde de beaut\u00e9. Un monde qui s&rsquo;impr\u00e8gne de l&rsquo;aube transformant les herbes des steppes couvertes de ros\u00e9e en toiles arc-en-ciel multicolores, d&rsquo;un l\u00e9ger souffle de vent qui fait osciller les feuilles et les fleurs dans la chaleur de midi, du&nbsp;chant&nbsp;des oiseaux dans les&nbsp;jardins au coucher du soleil, des chants magiques qui retentissent sur la terre lointaine, et se fondent dans l&rsquo;immense ciel bleu d\u00e9cor\u00e9 d&rsquo;\u00e9toiles&#8230; <\/p>\n\n\n\n<p>Les couleurs du tableau sont flamboyantes avec le soleil de midi dans les&nbsp;fleurs et les feuilles. Chaque fleur semble admirer la beaut\u00e9 de la vie, la joie, la paix et le bonheur !<\/p>\n\n\n\n<p>Les oiseaux signifient les r\u00eaves et la libert\u00e9, l\u2019amour et le bonheur d&rsquo;\u00eatre ensemble. Gr\u00e2ce \u00e0 cette richesse symbolique et le concentr\u00e9 d\u2019\u00e9nergie cr\u00e9ative pure de l\u2019artiste, de tels tableaux deviennent de v\u00e9ritables talismans pour des couples amoureux et leur famille.&nbsp;Pour les c\u00e9libataires, un talisman repr\u00e9sentant un couple d\u2019oiseaux baroques, les aidera \u00e0 rencontrer l&rsquo;\u00e2me-soeur !<\/p>\n\n\n\n<p>Ces talismans prot\u00e8gent&nbsp;leur maison pendant de longues ann\u00e9es, car avec le temps le lien entre le tableau symbolique et ses propri\u00e9taires devient de plus en plus fort.<\/p>\n\n\n\n<p>&#8211; &#8211; &#8211;<\/p>\n\n\n\n<p><strong>Commercialisation<\/strong>.<\/p>\n\n\n\n<p>Cette oeuvre de Marguerite Meliuga est propos\u00e9 \u00e0 la vente pour un prix de 700 euros, frais d&rsquo;envoi compris pour la France.<\/p>\n\n\n\n<p>Ce prix comprend :<\/p>\n\n\n\n<ul class=\"wp-block-list\">\n<li>le tableau<\/li>\n\n\n\n<li>Une d\u00e9dicace personnalis\u00e9e de l&rsquo;artiste<\/li>\n\n\n\n<li>Un certificat d&rsquo;authenticit\u00e9 dat\u00e9<\/li>\n\n\n\n<li>Un encadrement de type caisse am\u00e9ricaine blanc ou noir, effectu\u00e9 avec les fournitures de l&rsquo;entreprise RueduCadre,<\/li>\n\n\n\n<li>l&#8217;emballage triple niveau : papier, papier bulle, et  contreplaqu\u00e9 10 mm viss\u00e9<\/li>\n\n\n\n<li>l&rsquo;envoi par messagerie, d\u00e9lais 3 \u00e0 7 jours en France m\u00e9tropolitaine ; Europe 5 \u00e0 9 jours : reste du monde : 9 \u00e0 14 jours.<\/li>\n\n\n\n<li>La transaction avec l&rsquo;artiste s&rsquo;effectue selon les modalit\u00e9s suivantes :\n<ul class=\"wp-block-list\">\n<li>Virement \u00e0 l&rsquo;artiste : r\u00e9duction de 7 % dans ce cas<\/li>\n\n\n\n<li>par l&rsquo;interm\u00e9diaire avec LeBonCoin pour les envois en France et un grand nombre de pays Europ\u00e9ens et du reste du monde<\/li>\n\n\n\n<li>par l&rsquo;interm\u00e9diaire d&rsquo;Ebay pour les pays non couverts par LeBonCoin et ses partenaires logistiques<\/li>\n\n\n\n<li>Remise en main propre en Provence ou r\u00e9gion Grenobloise<\/li>\n<\/ul>\n<\/li>\n\n\n\n<li> Des frais suppl\u00e9mentaires sont \u00e0 pr\u00e9voir pour les envois en Europe hors France et dans le reste du monde : nous consulter.<\/li>\n<\/ul>\n\n\n\n<p><strong>Prix<\/strong> : 700 euros.<\/p>\n\n\n\n<p><strong>Option : encadrement avec incrustation de 3 gemmes en relation avec la th\u00e9matique de l&rsquo;oeuvre<\/strong>.<\/p>\n\n\n\n<p>Dans la tradition populaire de toutes les r\u00e9gions du monde, les pierres pr\u00e9cieuses, ou \u00ab\u00a0gemmes\u00a0\u00bb dans leur appellation moderne, ont la propri\u00e9t\u00e9 de repr\u00e9senter et donc d&rsquo;\u00e9mettre des \u00e9nergies significatives, en relation avec leur couleur, leur structure cristalline ou le symbolisme qui leur est attach\u00e9.<\/p>\n\n\n\n<p>Les gemmes peuvent ainsi contribuer \u00e0 un art talisman, au sens d&rsquo;un art, qui, comme le souhaite Marguerite Meliuga avec ses tableaux, apporte une influence b\u00e9n\u00e9fique, salvatrice, positive.<\/p>\n\n\n\n<p>Choisies en partenariat avec l&rsquo;entreprise r\u00e9put\u00e9e Neu Gems, 3 emeraudes certifi\u00e9es de taille 10 mm x 10 mm environ sont incrust\u00e9es dans la partie basse de l&rsquo;encadrement, renfor\u00e7ant la port\u00e9e de l&rsquo;intention \u00ab\u00a0talisman\u00a0\u00bb de l&rsquo;oeuvre.<\/p>\n\n\n\n<p><strong>Co\u00fbt de l&rsquo;option 1<\/strong> : 300 euros.<\/p>\n\n\n\n<p>Etat : <strong>vendu !<\/strong><\/p>\n","protected":false},"excerpt":{"rendered":"<p>\u201cAmoureux\u201d:&nbsp;un talisman d\u2019amour. Diptyque. 40*40 cm. Acrylique, toiles 3D.&nbsp;Encadr\u00e9 (bois). Pr\u00e9sentation du tableau par Marguerite Meliuga : Les peintures folkloriques slaves sont porteuses d\u2019une puissante charge \u00e9nerg\u00e9tique, absorbant la magie des si\u00e8cles.&nbsp; Ce tableau est de style baroque&nbsp;: l\u2019art magique ukrainien, plein de symboles crypt\u00e9s.&nbsp;Ce&nbsp;n\u2019est&nbsp;pas seulement une d\u00e9coration int\u00e9rieure, mais aussi une sorte de langage&#8230;<\/p>\n","protected":false},"author":1,"featured_media":0,"parent":1618,"menu_order":0,"comment_status":"closed","ping_status":"closed","template":"","meta":{"om_disable_all_campaigns":false,"_monsterinsights_skip_tracking":false,"_monsterinsights_sitenote_active":false,"_monsterinsights_sitenote_note":"","_monsterinsights_sitenote_category":0,"_uf_show_specific_survey":0,"_uf_disable_surveys":false,"episode_type":"","audio_file":"","podmotor_file_id":"","podmotor_episode_id":"","cover_image":"","cover_image_id":"","duration":"","filesize":"","filesize_raw":"","date_recorded":"","explicit":"","block":"","itunes_episode_number":"","itunes_title":"","itunes_season_number":"","itunes_episode_type":"","jetpack_post_was_ever_published":false,"footnotes":""},"folder":[],"class_list":["post-1714","page","type-page","status-publish","hentry"],"aioseo_notices":[],"jetpack_sharing_enabled":true,"jetpack_shortlink":"https:\/\/wp.me\/P3aXLN-rE","_links":{"self":[{"href":"https:\/\/nouvelage.net\/index.php\/wp-json\/wp\/v2\/pages\/1714","targetHints":{"allow":["GET"]}}],"collection":[{"href":"https:\/\/nouvelage.net\/index.php\/wp-json\/wp\/v2\/pages"}],"about":[{"href":"https:\/\/nouvelage.net\/index.php\/wp-json\/wp\/v2\/types\/page"}],"author":[{"embeddable":true,"href":"https:\/\/nouvelage.net\/index.php\/wp-json\/wp\/v2\/users\/1"}],"replies":[{"embeddable":true,"href":"https:\/\/nouvelage.net\/index.php\/wp-json\/wp\/v2\/comments?post=1714"}],"version-history":[{"count":9,"href":"https:\/\/nouvelage.net\/index.php\/wp-json\/wp\/v2\/pages\/1714\/revisions"}],"predecessor-version":[{"id":1910,"href":"https:\/\/nouvelage.net\/index.php\/wp-json\/wp\/v2\/pages\/1714\/revisions\/1910"}],"up":[{"embeddable":true,"href":"https:\/\/nouvelage.net\/index.php\/wp-json\/wp\/v2\/pages\/1618"}],"wp:attachment":[{"href":"https:\/\/nouvelage.net\/index.php\/wp-json\/wp\/v2\/media?parent=1714"}],"wp:term":[{"taxonomy":"folder","embeddable":true,"href":"https:\/\/nouvelage.net\/index.php\/wp-json\/wp\/v2\/folder?post=1714"}],"curies":[{"name":"wp","href":"https:\/\/api.w.org\/{rel}","templated":true}]}}