{"id":1716,"date":"2023-07-24T06:18:46","date_gmt":"2023-07-24T06:18:46","guid":{"rendered":"https:\/\/nouvelage.net\/?page_id=1716"},"modified":"2023-08-03T03:09:39","modified_gmt":"2023-08-03T03:09:39","slug":"iris-un-talisman-pour-une-vie-heureuse-marguerite-meliuga","status":"publish","type":"page","link":"https:\/\/nouvelage.net\/index.php\/nouvel-art\/marguerite-meliuga-agir-par-la-beaute\/iris-un-talisman-pour-une-vie-heureuse-marguerite-meliuga\/","title":{"rendered":"\u201cIris\u201d:\u00a0un talisman pour une vie heureuse &#8211; Marguerite Meliuga."},"content":{"rendered":"\n<figure class=\"wp-block-image size-large\"><img loading=\"lazy\" decoding=\"async\" width=\"819\" height=\"1024\" src=\"https:\/\/nouvelage.net\/wp-content\/uploads\/2023\/07\/IMG_20221011_103952_722-819x1024.jpg\" alt=\"\" class=\"wp-image-1611\" srcset=\"https:\/\/nouvelage.net\/wp-content\/uploads\/2023\/07\/IMG_20221011_103952_722-819x1024.jpg 819w, https:\/\/nouvelage.net\/wp-content\/uploads\/2023\/07\/IMG_20221011_103952_722-240x300.jpg 240w, https:\/\/nouvelage.net\/wp-content\/uploads\/2023\/07\/IMG_20221011_103952_722-768x960.jpg 768w, https:\/\/nouvelage.net\/wp-content\/uploads\/2023\/07\/IMG_20221011_103952_722-1229x1536.jpg 1229w, https:\/\/nouvelage.net\/wp-content\/uploads\/2023\/07\/IMG_20221011_103952_722-1639x2048.jpg 1639w, https:\/\/nouvelage.net\/wp-content\/uploads\/2023\/07\/IMG_20221011_103952_722.jpg 1741w\" sizes=\"auto, (max-width: 819px) 100vw, 819px\" \/><\/figure>\n\n\n\n<p>\u201c<strong>Iris\u201d:&nbsp;un talisman pour une vie heureuse. Acrylique, vernis, bois press\u00e9. 40*50 cm. Encadr\u00e9 (bois).<\/strong><\/p>\n\n\n\n<p>Pr\u00e9sentation de l&rsquo;oeuvre par Marguerite Meliuga :<\/p>\n\n\n\n<p>Les peintures folkloriques slaves sont porteuses d\u2019une puissante charge \u00e9nerg\u00e9tique, absorbant la magie des si\u00e8cles.&nbsp;L&rsquo;iris,&nbsp;une fleur&nbsp;humble et sans pr\u00e9tention, a une longue histoire et de nombreuses significations. En&nbsp;Europe de l\u2019est, ils \u00e9taient surnomm\u00e9s \u201ccoqs\u201d en raison de leurs&nbsp;couleurs.<\/p>\n\n\n\n<p>Selon la mythologie ukrainienne,&nbsp;la d\u00e9esse Iris&nbsp;est descendue sur terre sur un arc-en-ciel pour annoncer aux gens la volont\u00e9 du Ciel. Les fleurs faisaient partie de ses v\u00eatements. Elles ont \u00e9t\u00e9 associ\u00e9es \u00e0 l&rsquo;arc-en-ciel, aux bonnes nouvelles et au lien entre les deux mondes : terrestre et c\u00e9leste.<\/p>\n\n\n\n<p>Au Japon, au contraire, la fleur est consid\u00e9r\u00e9e comme masculine. Ses feuilles sont allong\u00e9es et ressemblent aux longues \u00e9p\u00e9es des samoura\u00efs. La plante repr\u00e9sente donc le courage, l&rsquo;honneur&nbsp;et&nbsp;l&rsquo;esprit des&nbsp;guerriers.<\/p>\n\n\n\n<p>L&rsquo;iris&nbsp;dans la tradition du baroque ukrainien&nbsp;est devenu le symbole&nbsp;des changements&nbsp;pour le mieux.&nbsp;Le violet repr\u00e9sente la sagesse, l&rsquo;intuition, la spiritualit\u00e9 humaine et le respect de la personne.&nbsp;<\/p>\n\n\n\n<p>La couleur jaune est synonyme de luxe, de richesse, de soleil et de joie. <\/p>\n\n\n\n<p>L\u2019or est la couleur des personnes fortes et riches d\u2019esprit. <\/p>\n\n\n\n<p>Les feuilles vertes symbolisent l\u2019\u00e9veil et la croissance. <\/p>\n\n\n\n<p>Les fleurs roses repr\u00e9sentent la tendresse et la confiance en la vie. <\/p>\n\n\n\n<p>Les papillons qui volent au-dessus des iris symbolisent les joies et les plaisirs de la vie. <\/p>\n\n\n\n<p>Dans la tradition philosophique ancienne, le papillon &#8211; c&rsquo;est l&rsquo;\u00e2me. <\/p>\n\n\n\n<p>Cette image magique d\u2019un jardin fleuri apporte la paix dans la maison, donne de l\u2019\u00e9nergie solaire vitale et de la force pour de nouvelles r\u00e9alisations.&nbsp;<\/p>\n\n\n\n<p>L\u2019\u00e9nergie des iris ornementaux attire dans la maison les bonnes nouvelles&nbsp;et&nbsp;la r\u00e9ussite de chaque membre de la famille.<\/p>\n\n\n\n<p>Pour cr\u00e9er ce tableau baroque, l\u2019artiste&nbsp;a&nbsp;utilis\u00e9&nbsp;une technique de peinture inhabituelle et inconnue en France, avec des pinceaux en poil de chat, ainsi que de nombreux vernis sp\u00e9ciaux et autres produits. <\/p>\n\n\n\n<p>De longues heures et journ\u00e9es de travail minutieux aboutissent \u00e0 une \u0153uvre d\u2019art \u00e9tincelante et lumineuse, ainsi qu\u2019\u00e0 l\u2019infusion d\u2019une \u00e9nergie cr\u00e9atrice pure dans le tableau. <\/p>\n\n\n\n<p>Le choix du bois comme support n\u2019est pas un hasard, c\u2019est l\u2019\u00e9nergie vivante et chaleureuse de la nature qui donne des forces \u00e0 celui qui contemple cette \u0153uvre.<\/p>\n\n\n\n<p><strong>Commercialisation<\/strong>.<\/p>\n\n\n\n<p>Cette \u0153uvre de Marguerite Meliuga est propos\u00e9 \u00e0 la vente pour un prix de 770 euros, frais d&rsquo;envoi compris pour la France.<\/p>\n\n\n\n<p>Ce prix comprend :<\/p>\n\n\n\n<ul class=\"wp-block-list\">\n<li>le tableau<\/li>\n\n\n\n<li>Une d\u00e9dicace personnalis\u00e9e de l&rsquo;artiste<\/li>\n\n\n\n<li>Un certificat d&rsquo;authenticit\u00e9 dat\u00e9<\/li>\n\n\n\n<li>Un encadrement de type caisse am\u00e9ricaine blanc ou noir, effectu\u00e9 avec les fournitures de l&rsquo;entreprise RueduCadre,<\/li>\n\n\n\n<li>l&#8217;emballage triple niveau : papier, papier bulle, et  contreplaqu\u00e9 10 mm viss\u00e9<\/li>\n\n\n\n<li>l&rsquo;envoi par messagerie, d\u00e9lais 3 \u00e0 7 jours en France m\u00e9tropolitaine ; Europe 5 \u00e0 9 jours : reste du monde : 9 \u00e0 14 jours.<\/li>\n\n\n\n<li><\/li>\n\n\n\n<li>La transaction avec l&rsquo;artiste s&rsquo;effectue selon les modalit\u00e9s suivantes :\n<ul class=\"wp-block-list\">\n<li>Virement \u00e0 l&rsquo;artiste : r\u00e9duction de 7 % dans ce cas<\/li>\n\n\n\n<li>par l&rsquo;interm\u00e9diaire avec LeBonCoin pour les envois en France et un grand nombre de pays Europ\u00e9ens et du reste du monde<\/li>\n\n\n\n<li>par l&rsquo;interm\u00e9diaire d&rsquo;Ebay pour les pays non couverts par LeBonCoin et ses partenaires logistiques<\/li>\n\n\n\n<li>Remise en main propre en Provence ou r\u00e9gion Grenobloise<\/li>\n<\/ul>\n<\/li>\n\n\n\n<li> Des frais suppl\u00e9mentaires sont \u00e0 pr\u00e9voir pour les envois en Europe hors France et dans le reste du monde : nous consulter.<\/li>\n<\/ul>\n\n\n\n<p><strong>Prix<\/strong> : 770 euros.<\/p>\n\n\n\n<p><strong>Option : encadrement avec incrustation de 3 gemmes en relation avec la th\u00e9matique de l&rsquo;oeuvre<\/strong>.<\/p>\n\n\n\n<p>Dans la tradition populaire de toutes les r\u00e9gions du monde, les pierres pr\u00e9cieuses, ou \u00ab\u00a0gemmes\u00a0\u00bb dans leur appellation moderne, ont la propri\u00e9t\u00e9 de repr\u00e9senter et donc d&rsquo;\u00e9mettre des \u00e9nergies significatives, en relation avec leur couleur, leur structure cristalline ou le symbolisme qui leur est attach\u00e9.<\/p>\n\n\n\n<p>Les gemmes peuvent ainsi contribuer \u00e0 un art talisman, au sens d&rsquo;un art, qui, comme le souhaite Marguerite Meliuga avec ses tableaux, apporte une influence b\u00e9n\u00e9fique, salvatrice, positive.<\/p>\n\n\n\n<p>Choisies en partenariat avec l&rsquo;entreprise r\u00e9put\u00e9e Neu Gems, 3 gemmes certifi\u00e9es de taille 10 mm x 10 mm environ sont incrust\u00e9es dans la partie basse de l&rsquo;encadrement, renfor\u00e7ant la port\u00e9e de l&rsquo;intention \u00ab\u00a0talisman\u00a0\u00bb de l&rsquo;oeuvre.<\/p>\n\n\n\n<p>Co\u00fbt de l&rsquo;option 1 : 300 euros.<\/p>\n","protected":false},"excerpt":{"rendered":"<p>\u201cIris\u201d:&nbsp;un talisman pour une vie heureuse. Acrylique, vernis, bois press\u00e9. 40*50 cm. Encadr\u00e9 (bois). Pr\u00e9sentation de l&rsquo;oeuvre par Marguerite Meliuga : Les peintures folkloriques slaves sont porteuses d\u2019une puissante charge \u00e9nerg\u00e9tique, absorbant la magie des si\u00e8cles.&nbsp;L&rsquo;iris,&nbsp;une fleur&nbsp;humble et sans pr\u00e9tention, a une longue histoire et de nombreuses significations. En&nbsp;Europe de l\u2019est, ils \u00e9taient surnomm\u00e9s \u201ccoqs\u201d&#8230;<\/p>\n","protected":false},"author":1,"featured_media":0,"parent":1618,"menu_order":0,"comment_status":"closed","ping_status":"closed","template":"","meta":{"om_disable_all_campaigns":false,"_monsterinsights_skip_tracking":false,"_monsterinsights_sitenote_active":false,"_monsterinsights_sitenote_note":"","_monsterinsights_sitenote_category":0,"_uf_show_specific_survey":0,"_uf_disable_surveys":false,"episode_type":"","audio_file":"","podmotor_file_id":"","podmotor_episode_id":"","cover_image":"","cover_image_id":"","duration":"","filesize":"","filesize_raw":"","date_recorded":"","explicit":"","block":"","itunes_episode_number":"","itunes_title":"","itunes_season_number":"","itunes_episode_type":"","jetpack_post_was_ever_published":false,"footnotes":""},"folder":[],"class_list":["post-1716","page","type-page","status-publish","hentry"],"aioseo_notices":[],"jetpack_sharing_enabled":true,"jetpack_shortlink":"https:\/\/wp.me\/P3aXLN-rG","_links":{"self":[{"href":"https:\/\/nouvelage.net\/index.php\/wp-json\/wp\/v2\/pages\/1716","targetHints":{"allow":["GET"]}}],"collection":[{"href":"https:\/\/nouvelage.net\/index.php\/wp-json\/wp\/v2\/pages"}],"about":[{"href":"https:\/\/nouvelage.net\/index.php\/wp-json\/wp\/v2\/types\/page"}],"author":[{"embeddable":true,"href":"https:\/\/nouvelage.net\/index.php\/wp-json\/wp\/v2\/users\/1"}],"replies":[{"embeddable":true,"href":"https:\/\/nouvelage.net\/index.php\/wp-json\/wp\/v2\/comments?post=1716"}],"version-history":[{"count":3,"href":"https:\/\/nouvelage.net\/index.php\/wp-json\/wp\/v2\/pages\/1716\/revisions"}],"predecessor-version":[{"id":1916,"href":"https:\/\/nouvelage.net\/index.php\/wp-json\/wp\/v2\/pages\/1716\/revisions\/1916"}],"up":[{"embeddable":true,"href":"https:\/\/nouvelage.net\/index.php\/wp-json\/wp\/v2\/pages\/1618"}],"wp:attachment":[{"href":"https:\/\/nouvelage.net\/index.php\/wp-json\/wp\/v2\/media?parent=1716"}],"wp:term":[{"taxonomy":"folder","embeddable":true,"href":"https:\/\/nouvelage.net\/index.php\/wp-json\/wp\/v2\/folder?post=1716"}],"curies":[{"name":"wp","href":"https:\/\/api.w.org\/{rel}","templated":true}]}}