{"id":457,"date":"2019-12-01T05:04:41","date_gmt":"2019-12-01T05:04:41","guid":{"rendered":"https:\/\/nouvelage.net\/?page_id=457"},"modified":"2023-07-28T11:12:32","modified_gmt":"2023-07-28T11:12:32","slug":"naissance-dune-civilisation-planetaire-un-livre-un-blog","status":"publish","type":"page","link":"https:\/\/nouvelage.net\/","title":{"rendered":"Naissance d&rsquo;une civilisation plan\u00e9taire &#8211; Philosophie, politique et \u00e9conomie du nouvel \u00e2ge : le livre."},"content":{"rendered":"\n<p><a href=\"https:\/\/www.amazon.fr\/Naissance-dune-civilisation-plan%C3%A9taire-Philosophie\/dp\/B0B5RH3G1Q\" target=\"_blank\" rel=\"noopener\" title=\"&quot;Naissance d'une civilisation plan\u00e9taire - Philosophie, politique et \u00e9conomie du nouvel \u00e2ge&quot;\">\u00ab\u00a0Naissance d&rsquo;une civilisation plan\u00e9taire &#8211; Philosophie, politique et \u00e9conomie du nouvel \u00e2ge\u00a0\u00bb<\/a> est disponible sur les plateformes Amazon sur supports<a href=\"https:\/\/www.amazon.fr\/Naissance-dune-civilisation-plan%C3%A9taire-Philosophie\/dp\/B0B5RH3G1Q\" target=\"_blank\" rel=\"noopener\" title=\"\u00e9dition papier\"> papier<\/a>, en format broch\u00e9 et illustrations en noir et blanc, ou format reli\u00e9, avec illustrations en couleurs, et \u00e9lectronique, en format <a href=\"https:\/\/www.amazon.fr\/Naissance-dune-civilisation-plan%C3%A9taire-Philosophie-ebook\/dp\/B0B6JMWWD6\" target=\"_blank\" rel=\"noopener\" title=\"Kindle\">Kindle<\/a>. Kindle est le format de livre \u00e9lectronique d&rsquo;Amazon, que l&rsquo;on peut consulter sur tout t\u00e9l\u00e9phone, tablette, ordinateur, etc., Windows, Mac, Ios ou Chrome, etc., \u00e0 l&rsquo;aide de la visionneuse Kindle multiplateforme disponible gratuitement.<\/p>\n\n\n\n<p>Naissance d&rsquo;une Civilisation Plant\u00e9aire, c&rsquo;est un super livre ! Vraiment. En fait, j&rsquo;adore mon bouquin, parce qu&rsquo;il est super int\u00e9ressant !  <\/p>\n\n\n\n<p>En fait, essentiellement, ce livre raconte des choses qu&rsquo;on ne trouve pas beaucoup ailleurs.<\/p>\n\n\n\n<p>\u00c0 savoir que nous, la nation humaine, huit milliards d&rsquo;\u00eatres, sommes loin de seulement vivre dans le chaos plan\u00e9taire, environnemental, \u00e9conomique, sociologique, etc., &#8211; que beaucoup commentent ou regrettent, mais souvent sans apporter beaucoup de solutions ou d&rsquo;optimisme.<\/p>\n\n\n\n<p class=\"has-medium-font-size\">Car on peut, en d\u00e9pit des apparences ou du sentiment commun, \u00eatre optimiste. Certes, l&rsquo;humanit\u00e9 traverse de grandes difficult\u00e9s, mais nous vivons aussi une \u00e9poque assez extraordinaire : pour la premi\u00e8re fois peut-\u00eatre, en tout cas sur les cinq ou six derniers mill\u00e9naires, une civilisation d&rsquo;ampleur plan\u00e9taire est en train d&rsquo;\u00e9merger.<\/p>\n\n\n\n<p>C&rsquo;est ce que ce livre d\u00e9crit : \u00ab\u00a0Naissance d&rsquo;une civilisation plan\u00e9taire\u00a0\u00bb d\u00e9peint l&rsquo;actualit\u00e9 de notre maison commune, l&rsquo;humanit\u00e9 en mettant en relief le ferment plan\u00e9taire de cette nouvelle civilisation, si important donc, et pourtant peu connu : l&rsquo;\u00e9sot\u00e9risme.<\/p>\n\n\n\n<p>Ce ferment est peu connu, encore plus dans ce r\u00f4le, et pourtant, ce r\u00f4le, il l&rsquo;a d\u00e9j\u00e0 tenu, dans toutes les pr\u00e9c\u00e9dentes grandes \u00e9tapes de l&rsquo;histoire humaine.<\/p>\n\n\n\n<p>Le mot m\u00eame qui le d\u00e9signe semble obscur ! Esot\u00e9risme, on ne voit pas tr\u00e8s bien ce que \u00e7a veut dire. Ce mot ne nous parle pas beaucoup, g\u00e9n\u00e9ralement. <\/p>\n\n\n\n<p>Pourtant, ce mot parle abondamment ! Il dit m\u00eame tout un roman qu&rsquo;une phrase simple r\u00e9sume : l&rsquo;\u00e9sot\u00e9risme est cette tentative infiniment r\u00e9p\u00e9t\u00e9e au cours des mill\u00e9naires par l&rsquo;esprit humain consistant \u00e0 rationaliser le monde \u00ab\u00a0invisible\u00a0\u00bb, le monde de \u00ab\u00a0l&rsquo;esprit\u00a0\u00bb, c&rsquo;est \u00e0 dire celui de l&rsquo;imagination, des sentiments, de la musique, des concepts, de la beaut\u00e9, de l&rsquo;art. <\/p>\n\n\n\n<p>En somme, le propos de l&rsquo;\u00e9sot\u00e9risme, c&rsquo;est de rationaliser la spiritualit\u00e9, prise au sens large.<\/p>\n\n\n\n<p>Rationaliser la spiritualit\u00e9, \u00e7a veut dire lui donner un cadre compr\u00e9hensible, v\u00e9rifiable, questionnable, exp\u00e9rimental. Et ce livre montre comment au cours des \u00e2ges, et \u00e0 nouveau aujourd&rsquo;hui, cette rationalisation du spirituel,  cette sagesse de l&rsquo;\u00e2me, a notamment inspir\u00e9 la quasi-totalit\u00e9 des grandes avanc\u00e9es dont nous sommes collectivement fiers : le syst\u00e8me r\u00e9publicain d\u00e9mocratique constitutionnel par exemple. <\/p>\n\n\n\n\n\n<figure class=\"wp-block-embed is-type-video is-provider-youtube wp-block-embed-youtube wp-embed-aspect-16-9 wp-has-aspect-ratio\"><div class=\"wp-block-embed__wrapper\">\n<div class=\"jetpack-video-wrapper\"><span class=\"embed-youtube\" style=\"text-align:center; display: block;\"><iframe loading=\"lazy\" class=\"youtube-player\" width=\"720\" height=\"405\" src=\"https:\/\/www.youtube.com\/embed\/-0XM-4ntvUM?version=3&#038;rel=1&#038;showsearch=0&#038;showinfo=1&#038;iv_load_policy=1&#038;fs=1&#038;hl=fr-FR&#038;autohide=2&#038;wmode=transparent\" allowfullscreen=\"true\" style=\"border:0;\" sandbox=\"allow-scripts allow-same-origin allow-popups allow-presentation allow-popups-to-escape-sandbox\"><\/iframe><\/span><\/div>\n<\/div><\/figure>\n\n\n\n<p>Nos institutions et id\u00e9aux d\u00e9mocratiques et r\u00e9publicains donc. Mais aussi l&rsquo;art, et la science, donc la technologie, et bien au-del\u00e0 encore, d&rsquo;innombrables avanc\u00e9es en m\u00e9decine, en \u00e9conomie, dans l&rsquo;art de la vie au quotidien m\u00eame, sont les enfants de cet \u00e9sot\u00e9risme si peu connu, si peu compris, au point que pour dire \u00ab\u00a0compliqu\u00e9\u00a0\u00bb on dit parfois \u00ab\u00a0\u00e9sot\u00e9rique\u00a0\u00bb.<\/p>\n\n\n\n<p>Et c&rsquo;est vrai que l&rsquo;\u00e9sot\u00e9risme est parfois, mais parfois seulement, un peu complexe. C&rsquo;est qu&rsquo;historiquement, il a d\u00fb se cacher pour survivre. <\/p>\n\n\n\n<p>Dans le Moyen-\u00c2ge Europ\u00e9en, et m\u00eame apr\u00e8s, jusqu&rsquo;\u00e0 nos jours encore, il n&rsquo;a jamais \u00e9t\u00e9 tr\u00e8s facile de s&rsquo;int\u00e9resser publiquement \u00e0 l&rsquo;astrologie, par exemple. On peut, th\u00e9oriquement, dans bien des pays du monde aujourd&rsquo;hui, mais dans la pratique, qui va mettre sur son curriculum vitae d&rsquo;\u00e9ventuelles connaissances dans ce domaine ? Personne, en r\u00e9alit\u00e9 ! Et pourtant l&rsquo;astrologie serait un outil d&rsquo;appoint remarquable pour la gestion des ressources humaines, des conflits sociaux m\u00eame, etc.<\/p>\n\n\n\n<p>Alors, certes, l&rsquo;\u00e9sot\u00e9risme est complexe, difficile d&rsquo;abord, souvent. C&rsquo;est vrai, mais quelle science ne l&rsquo;est pas ? <\/p>\n\n\n\n<p>Rentrons un peu dans la physique, la biologie, d\u00e9couvrons le jargon des g\u00e9ographes, des juristes, des sociologues, lisons un article de science \u00e9conomique, de psychologie, de grammaire, d&rsquo;\u00e9thnologie, de cardiologie, etc. dans un magazine sp\u00e9cialis\u00e9, et nous d\u00e9couvrirons vite que les arcanes, les mod\u00e8les symboliques, bref le structuralisme de l&rsquo;\u00e9sot\u00e9risme, sont de l&rsquo;eau claire par rapport aux modalit\u00e9s actuelles d&rsquo;expression de la plupart des sciences.<\/p>\n\n\n\n<p>Ce que montre ce livre, Naissance d&rsquo;une Civilisation Plan\u00e9taire, c&rsquo;est que l&rsquo;\u00e9sot\u00e9risme, cette science m\u00e9connue, est au coeur des principales avanc\u00e9es de l&rsquo;histoire humaine, comme au coeur de l&rsquo;\u00e9poque qui nait.<\/p>\n\n\n\n<p>Sans que l&rsquo;on s&rsquo;en rende tellement compte. C&rsquo;est m\u00eame un euph\u00e9misme : personne n&rsquo;en parle !<\/p>\n\n\n\n<p>Et c&rsquo;est aussi pour \u00e7a que j&rsquo;ai \u00e9crit ce livre, et que j&rsquo;ai entrepris la cr\u00e9ation de ce site pour illustrer la naissance de ce nouvel \u00e2ge de l&rsquo;humanit\u00e9, celui qui fait suite au Moyen \u00c2ge plan\u00e9taire dont nous vivons les derniers, et terribles, soubresauts, par des articles, interviews, podcasts vid\u00e9os ou audio, etc. <\/p>\n\n\n\n<p>Est-ce que ce site ne parle que d&rsquo;\u00e9sot\u00e9risme ? Mais non, pas du tout, car l&rsquo;\u00e9sot\u00e9risme c&rsquo;est une sorte de cartographie, une tentative de description de l&rsquo;architecture de notre maison commune : l&rsquo;univers, le cosmos, la nature humaine, les relations entre humanit\u00e9 et nature, etc. C&rsquo;est beaucoup et un peu pr\u00e9tentieux, comme propos : expliquer l&rsquo;univers, le cosmos, la nature humaine, etc. ! <\/p>\n\n\n\n<p>Mais aussi pr\u00e9tentieux que ce soit, en admettant m\u00eame que l&rsquo;\u00e9sot\u00e9risme ait quelques r\u00e9sultats \u00e0 l&rsquo;appui de ses pr\u00e9tentions, est-ce que dans la vie r\u00e9elle, on se prom\u00e8ne tous les jours avec un plan \u00e0 la main ? <\/p>\n\n\n\n<p>Dans une maison, chez soi par exemple, ou dans un b\u00e2timent administratif, une \u00e9cole, une universit\u00e9, dans une entreprise, dans un magasin, est-ce qu&rsquo;on se prom\u00e8ne avec un plan dans la main en s&rsquo;extasiant sur la qualit\u00e9 de ce plan ? <\/p>\n\n\n\n<p>Mais non : dans une maison, on vit. Dans un magasin, on choisit et on ach\u00e8te, dans une entreprise, on travaille. Dans une \u00e9cole, une universit\u00e9, on apprend, etc. Pour chacun de ces b\u00e2timents, un plan existe, on peut le consulter, et c&rsquo;est ce qu&rsquo;on fait s&rsquo;il s&rsquo;agit d&rsquo;am\u00e9nager un local de vie, de travail ou de commerce, un plan, c&rsquo;est pratique, c&rsquo;est utile, oui, s&rsquo;il est bien fait, mais l&rsquo;important, c&rsquo;est de vivre.  <\/p>\n\n\n\n<p>Ce nouvel \u00e2ge en naissance dispose donc d&rsquo;un \u00ab\u00a0r\u00e9f\u00e9rentiel\u00a0\u00bb de compr\u00e9hension et d&rsquo;organisation pratique, l&rsquo;\u00e9sot\u00e9risme. Mais il dispose aussi d&rsquo;un id\u00e9al de solidarit\u00e9 plan\u00e9taire, qui est une des conclusions de fond \u00e0 laquelle l&rsquo;\u00e9sot\u00e9risme m\u00e8ne, celle que tout coeur humain conna\u00eet et comprend intuitivement et nativement.<\/p>\n\n\n\n<p>Il dispose ainsi d&rsquo;une dynamique profonde et puissante, celle de l&rsquo;humanit\u00e9 depuis des mill\u00e9naires. <\/p>\n\n\n\n<p>C&rsquo;est beaucoup, et cela explique son avanc\u00e9e prodigieuse dans la modernit\u00e9. <\/p>\n\n\n\n<p>Notre modernit\u00e9.<\/p>\n\n\n\n<div class=\"wp-block-button aligncenter\"><a class=\"wp-block-button__link has-background wp-element-button\" href=\"https:\/\/www.amazon.fr\/Naissance-dune-civilisation-plan%C3%A9taire-Philosophie\/dp\/B0B5RH3G1Q\" style=\"background-color:#a35e00\">Acheter le livre<\/a><\/div>\n","protected":false},"excerpt":{"rendered":"<p>\u00ab\u00a0Naissance d&rsquo;une civilisation plan\u00e9taire &#8211; Philosophie, politique et \u00e9conomie du nouvel \u00e2ge\u00a0\u00bb est disponible sur les plateformes Amazon sur supports papier, en format broch\u00e9 et illustrations en noir et blanc, ou format reli\u00e9, avec illustrations en couleurs, et \u00e9lectronique, en format Kindle. Kindle est le format de livre \u00e9lectronique d&rsquo;Amazon, que l&rsquo;on peut consulter sur&#8230;<\/p>\n","protected":false},"author":1,"featured_media":0,"parent":14,"menu_order":0,"comment_status":"closed","ping_status":"closed","template":"","meta":{"om_disable_all_campaigns":false,"_monsterinsights_skip_tracking":false,"_monsterinsights_sitenote_active":false,"_monsterinsights_sitenote_note":"","_monsterinsights_sitenote_category":0,"_uf_show_specific_survey":0,"_uf_disable_surveys":false,"episode_type":"","audio_file":"","podmotor_file_id":"","podmotor_episode_id":"","cover_image":"","cover_image_id":"","duration":"","filesize":"","filesize_raw":"","date_recorded":"","explicit":"","block":"","itunes_episode_number":"","itunes_title":"","itunes_season_number":"","itunes_episode_type":"","jetpack_post_was_ever_published":false,"footnotes":""},"folder":[],"class_list":["post-457","page","type-page","status-publish","hentry"],"aioseo_notices":[],"jetpack_sharing_enabled":true,"jetpack_shortlink":"https:\/\/wp.me\/P3aXLN-7n","_links":{"self":[{"href":"https:\/\/nouvelage.net\/index.php\/wp-json\/wp\/v2\/pages\/457","targetHints":{"allow":["GET"]}}],"collection":[{"href":"https:\/\/nouvelage.net\/index.php\/wp-json\/wp\/v2\/pages"}],"about":[{"href":"https:\/\/nouvelage.net\/index.php\/wp-json\/wp\/v2\/types\/page"}],"author":[{"embeddable":true,"href":"https:\/\/nouvelage.net\/index.php\/wp-json\/wp\/v2\/users\/1"}],"replies":[{"embeddable":true,"href":"https:\/\/nouvelage.net\/index.php\/wp-json\/wp\/v2\/comments?post=457"}],"version-history":[{"count":23,"href":"https:\/\/nouvelage.net\/index.php\/wp-json\/wp\/v2\/pages\/457\/revisions"}],"predecessor-version":[{"id":1783,"href":"https:\/\/nouvelage.net\/index.php\/wp-json\/wp\/v2\/pages\/457\/revisions\/1783"}],"up":[{"embeddable":true,"href":"https:\/\/nouvelage.net\/index.php\/wp-json\/wp\/v2\/pages\/14"}],"wp:attachment":[{"href":"https:\/\/nouvelage.net\/index.php\/wp-json\/wp\/v2\/media?parent=457"}],"wp:term":[{"taxonomy":"folder","embeddable":true,"href":"https:\/\/nouvelage.net\/index.php\/wp-json\/wp\/v2\/folder?post=457"}],"curies":[{"name":"wp","href":"https:\/\/api.w.org\/{rel}","templated":true}]}}